{"id":201,"date":"2024-07-26T16:19:24","date_gmt":"2024-07-26T16:19:24","guid":{"rendered":"https:\/\/primedeal.pt\/?page_id=201"},"modified":"2024-08-16T11:05:18","modified_gmt":"2024-08-16T11:05:18","slug":"quem-somos","status":"publish","type":"page","link":"https:\/\/primedeal.pt\/en\/quem-somos\/","title":{"rendered":"Quem Somos"},"content":{"rendered":"<div data-elementor-type=\"wp-page\" data-elementor-id=\"201\" class=\"elementor elementor-201\" data-elementor-post-type=\"page\">\n\t\t\t\t\t\t<section class=\"elementor-section elementor-top-section elementor-element elementor-element-2ed89653 elementor-section-height-min-height elementor-section-boxed elementor-section-height-default elementor-section-items-middle\" data-id=\"2ed89653\" data-element_type=\"section\" data-settings=\"{&quot;background_background&quot;:&quot;classic&quot;}\">\n\t\t\t\t\t\t\t<div class=\"elementor-background-overlay\"><\/div>\n\t\t\t\t\t\t\t<div class=\"elementor-container elementor-column-gap-default\">\n\t\t\t\t\t<div class=\"elementor-column elementor-col-100 elementor-top-column elementor-element elementor-element-1e019bfa\" data-id=\"1e019bfa\" data-element_type=\"column\">\n\t\t\t<div class=\"elementor-widget-wrap elementor-element-populated\">\n\t\t\t\t\t\t<div class=\"elementor-element elementor-element-355d6e69 elementor-widget elementor-widget-heading\" data-id=\"355d6e69\" data-element_type=\"widget\" data-widget_type=\"heading.default\">\n\t\t\t\t<div class=\"elementor-widget-container\">\n\t\t\t<h3 class=\"elementor-heading-title elementor-size-default\">Quem Somos<\/h3>\t\t<\/div>\n\t\t\t\t<\/div>\n\t\t\t\t\t<\/div>\n\t\t<\/div>\n\t\t\t\t\t<\/div>\n\t\t<\/section>\n\t\t\t\t<section class=\"elementor-section elementor-top-section elementor-element elementor-element-770f354e elementor-section-boxed elementor-section-height-default elementor-section-height-default\" data-id=\"770f354e\" data-element_type=\"section\" data-settings=\"{&quot;background_background&quot;:&quot;classic&quot;}\">\n\t\t\t\t\t\t<div class=\"elementor-container elementor-column-gap-default\">\n\t\t\t\t\t<div class=\"elementor-column elementor-col-50 elementor-top-column elementor-element elementor-element-fad2c49\" data-id=\"fad2c49\" data-element_type=\"column\">\n\t\t\t<div class=\"elementor-widget-wrap elementor-element-populated\">\n\t\t\t\t\t\t<div class=\"elementor-element elementor-element-341340c4 elementor-widget elementor-widget-heading\" data-id=\"341340c4\" data-element_type=\"widget\" data-widget_type=\"heading.default\">\n\t\t\t\t<div class=\"elementor-widget-container\">\n\t\t\t<h3 class=\"elementor-heading-title elementor-size-default\">PRIME DEAL\u00a0dedica-se \u00e0 promo\u00e7\u00e3o de projectos e neg\u00f3cios\u00a0 em \u00e1reas chave, que pelas suas especificidades evidenciem possuir um elevado potencial de cria\u00e7\u00e3o de valor.<\/h3>\t\t<\/div>\n\t\t\t\t<\/div>\n\t\t\t\t<div class=\"elementor-element elementor-element-8d856e9 elementor-widget elementor-widget-spacer\" data-id=\"8d856e9\" data-element_type=\"widget\" data-widget_type=\"spacer.default\">\n\t\t\t\t<div class=\"elementor-widget-container\">\n\t\t\t\t\t<div class=\"elementor-spacer\">\n\t\t\t<div class=\"elementor-spacer-inner\"><\/div>\n\t\t<\/div>\n\t\t\t\t<\/div>\n\t\t\t\t<\/div>\n\t\t\t\t<div class=\"elementor-element elementor-element-e245d5b elementor-widget elementor-widget-text-editor\" data-id=\"e245d5b\" data-element_type=\"widget\" data-widget_type=\"text-editor.default\">\n\t\t\t\t<div class=\"elementor-widget-container\">\n\t\t\t\t\t\t\t<p class=\"p1\"><span class=\"s1\">Temos uma voca\u00e7\u00e3o especifica para assessorar os nossos Clientes em \u00e1reas de Gest\u00e3o Empresarial que formulem solu\u00e7\u00f5es de maximiza\u00e7\u00e3o da sua actividade e organiza\u00e7\u00e3o, proporcionando novas din\u00e2micas estruturadas de Gest\u00e3o.\u00a0\u00a0<\/span><\/p><p class=\"p1\"><span class=\"s1\"><b>PRIME <\/b><\/span><span class=\"s2\"><b>DEAL <\/b><\/span><span class=\"s1\">pretende funcionar como uma alavanca da experi\u00eancia e\u00a0<i>know-how\u00a0<\/i>de equipas de gest\u00e3o com fortes capacidades e esp\u00edrito empreendedor n\u00e3o\u00a0nos limitando \u00e0 contribui\u00e7\u00e3o de um\u00a0<i>financial sleeping partner<\/i>, ajudando antes, a criar estrat\u00e9gias de neg\u00f3cio de excel\u00eancia.<\/span><\/p>\t\t\t\t\t\t<\/div>\n\t\t\t\t<\/div>\n\t\t\t\t<div class=\"elementor-element elementor-element-b0b1d62 elementor-widget elementor-widget-spacer\" data-id=\"b0b1d62\" data-element_type=\"widget\" data-widget_type=\"spacer.default\">\n\t\t\t\t<div class=\"elementor-widget-container\">\n\t\t\t\t\t<div class=\"elementor-spacer\">\n\t\t\t<div class=\"elementor-spacer-inner\"><\/div>\n\t\t<\/div>\n\t\t\t\t<\/div>\n\t\t\t\t<\/div>\n\t\t\t\t<div class=\"elementor-element elementor-element-654710b1 elementor-widget elementor-widget-spacer\" data-id=\"654710b1\" data-element_type=\"widget\" data-widget_type=\"spacer.default\">\n\t\t\t\t<div class=\"elementor-widget-container\">\n\t\t\t\t\t<div class=\"elementor-spacer\">\n\t\t\t<div class=\"elementor-spacer-inner\"><\/div>\n\t\t<\/div>\n\t\t\t\t<\/div>\n\t\t\t\t<\/div>\n\t\t\t\t\t<\/div>\n\t\t<\/div>\n\t\t\t\t<div class=\"elementor-column elementor-col-50 elementor-top-column elementor-element elementor-element-364b23bc\" data-id=\"364b23bc\" data-element_type=\"column\">\n\t\t\t<div class=\"elementor-widget-wrap elementor-element-populated\">\n\t\t\t\t\t\t<div class=\"elementor-element elementor-element-a650b20 elementor-widget__width-initial elementor-absolute elementor-widget elementor-widget-image\" data-id=\"a650b20\" data-element_type=\"widget\" data-settings=\"{&quot;_position&quot;:&quot;absolute&quot;}\" data-widget_type=\"image.default\">\n\t\t\t\t<div class=\"elementor-widget-container\">\n\t\t\t\t\t\t\t\t\t\t\t\t\t<img decoding=\"async\" width=\"150\" height=\"150\" src=\"https:\/\/primedeal.pt\/wp-content\/uploads\/2024\/07\/dot-150x150.png\" class=\"attachment-thumbnail size-thumbnail wp-image-141\" alt=\"\" srcset=\"https:\/\/primedeal.pt\/wp-content\/uploads\/2024\/07\/dot-150x150.png 150w, https:\/\/primedeal.pt\/wp-content\/uploads\/2024\/07\/dot-300x300.png 300w, https:\/\/primedeal.pt\/wp-content\/uploads\/2024\/07\/dot-768x769.png 768w, https:\/\/primedeal.pt\/wp-content\/uploads\/2024\/07\/dot.png 800w\" sizes=\"(max-width: 150px) 100vw, 150px\" \/>\t\t\t\t\t\t\t\t\t\t\t\t\t<\/div>\n\t\t\t\t<\/div>\n\t\t\t\t<div class=\"elementor-element elementor-element-39d2718b elementor-widget elementor-widget-image\" data-id=\"39d2718b\" data-element_type=\"widget\" data-widget_type=\"image.default\">\n\t\t\t\t<div class=\"elementor-widget-container\">\n\t\t\t\t\t\t\t\t\t\t\t\t\t<img decoding=\"async\" src=\"https:\/\/primedeal.pt\/wp-content\/uploads\/elementor\/thumbs\/insure8-qropm05x148quiygmtt25wqbjruwqpjfho6gmc3do0.jpg\" title=\"insure8.jpg\" alt=\"insure8.jpg\" loading=\"lazy\" \/>\t\t\t\t\t\t\t\t\t\t\t\t\t<\/div>\n\t\t\t\t<\/div>\n\t\t\t\t<div class=\"elementor-element elementor-element-34826bf1 elementor-widget__width-initial elementor-absolute elementor-widget elementor-widget-image\" data-id=\"34826bf1\" data-element_type=\"widget\" data-settings=\"{&quot;_position&quot;:&quot;absolute&quot;}\" data-widget_type=\"image.default\">\n\t\t\t\t<div class=\"elementor-widget-container\">\n\t\t\t\t\t\t\t\t\t\t\t\t\t<img decoding=\"async\" src=\"https:\/\/primedeal.pt\/wp-content\/uploads\/elementor\/thumbs\/insure20-qropm21lesbbhqvqbumbaw98qjln63qw5xhfkw0lbk.jpg\" title=\"insure20.jpg\" alt=\"insure20.jpg\" loading=\"lazy\" \/>\t\t\t\t\t\t\t\t\t\t\t\t\t<\/div>\n\t\t\t\t<\/div>\n\t\t\t\t\t<\/div>\n\t\t<\/div>\n\t\t\t\t\t<\/div>\n\t\t<\/section>\n\t\t\t\t<section class=\"elementor-section elementor-top-section elementor-element elementor-element-363a137a elementor-section-boxed elementor-section-height-default elementor-section-height-default\" data-id=\"363a137a\" data-element_type=\"section\" data-settings=\"{&quot;background_background&quot;:&quot;classic&quot;}\">\n\t\t\t\t\t\t<div class=\"elementor-container elementor-column-gap-default\">\n\t\t\t\t\t<div class=\"elementor-column elementor-col-33 elementor-top-column elementor-element elementor-element-193ee209\" data-id=\"193ee209\" data-element_type=\"column\">\n\t\t\t<div class=\"elementor-widget-wrap elementor-element-populated\">\n\t\t\t\t\t\t<div class=\"elementor-element elementor-element-6ada5142 elementor-widget elementor-widget-image\" data-id=\"6ada5142\" data-element_type=\"widget\" data-widget_type=\"image.default\">\n\t\t\t\t<div class=\"elementor-widget-container\">\n\t\t\t\t\t\t\t\t\t\t\t\t\t<img fetchpriority=\"high\" decoding=\"async\" width=\"800\" height=\"534\" src=\"https:\/\/primedeal.pt\/wp-content\/uploads\/2024\/07\/knox4-1024x683.jpg\" class=\"attachment-large size-large wp-image-143\" alt=\"\" srcset=\"https:\/\/primedeal.pt\/wp-content\/uploads\/2024\/07\/knox4-1024x683.jpg 1024w, https:\/\/primedeal.pt\/wp-content\/uploads\/2024\/07\/knox4-300x200.jpg 300w, https:\/\/primedeal.pt\/wp-content\/uploads\/2024\/07\/knox4-768x512.jpg 768w, https:\/\/primedeal.pt\/wp-content\/uploads\/2024\/07\/knox4-1536x1024.jpg 1536w, https:\/\/primedeal.pt\/wp-content\/uploads\/2024\/07\/knox4.jpg 1920w\" sizes=\"(max-width: 800px) 100vw, 800px\" \/>\t\t\t\t\t\t\t\t\t\t\t\t\t<\/div>\n\t\t\t\t<\/div>\n\t\t\t\t<div class=\"elementor-element elementor-element-6614b7fa elementor-widget elementor-widget-heading\" data-id=\"6614b7fa\" data-element_type=\"widget\" data-widget_type=\"heading.default\">\n\t\t\t\t<div class=\"elementor-widget-container\">\n\t\t\t<h4 class=\"elementor-heading-title elementor-size-default\">Negocia\u00e7\u00e3o e <\/br>Especializa\u00e7\u00e3o<\/h4>\t\t<\/div>\n\t\t\t\t<\/div>\n\t\t\t\t<div class=\"elementor-element elementor-element-2516be32 elementor-widget elementor-widget-text-editor\" data-id=\"2516be32\" data-element_type=\"widget\" data-widget_type=\"text-editor.default\">\n\t\t\t\t<div class=\"elementor-widget-container\">\n\t\t\t\t\t\t\t<p class=\"p1\"><span class=\"s1\">As estrat\u00e9gias de diferencia\u00e7\u00e3o bem como\u00a0a din\u00e2mica Negocial, devem obedecer a crit\u00e9rios de elevada independ\u00eancia e compet\u00eancia.<\/span><\/p><p class=\"p1\"><span class=\"s1\">A Especializa\u00e7\u00e3o em \u00e1reas de neg\u00f3cio restritas, possibilita respostas\u00a0focadas e acrescidas rentabilidades, em ambiente de enorme concorr\u00eancia internacional.<\/span><\/p>\t\t\t\t\t\t<\/div>\n\t\t\t\t<\/div>\n\t\t\t\t\t<\/div>\n\t\t<\/div>\n\t\t\t\t<div class=\"elementor-column elementor-col-33 elementor-top-column elementor-element elementor-element-641638f7\" data-id=\"641638f7\" data-element_type=\"column\">\n\t\t\t<div class=\"elementor-widget-wrap elementor-element-populated\">\n\t\t\t\t\t\t<div class=\"elementor-element elementor-element-3fbf3591 elementor-widget elementor-widget-image\" data-id=\"3fbf3591\" data-element_type=\"widget\" data-widget_type=\"image.default\">\n\t\t\t\t<div class=\"elementor-widget-container\">\n\t\t\t\t\t\t\t\t\t\t\t\t\t<img decoding=\"async\" width=\"800\" height=\"534\" src=\"https:\/\/primedeal.pt\/wp-content\/uploads\/2024\/07\/knox2-1024x683.jpg\" class=\"attachment-large size-large wp-image-156\" alt=\"\" srcset=\"https:\/\/primedeal.pt\/wp-content\/uploads\/2024\/07\/knox2-1024x683.jpg 1024w, https:\/\/primedeal.pt\/wp-content\/uploads\/2024\/07\/knox2-300x200.jpg 300w, https:\/\/primedeal.pt\/wp-content\/uploads\/2024\/07\/knox2-768x512.jpg 768w, https:\/\/primedeal.pt\/wp-content\/uploads\/2024\/07\/knox2-1536x1024.jpg 1536w, https:\/\/primedeal.pt\/wp-content\/uploads\/2024\/07\/knox2.jpg 1920w\" sizes=\"(max-width: 800px) 100vw, 800px\" \/>\t\t\t\t\t\t\t\t\t\t\t\t\t<\/div>\n\t\t\t\t<\/div>\n\t\t\t\t<div class=\"elementor-element elementor-element-a73ab42 elementor-widget elementor-widget-heading\" data-id=\"a73ab42\" data-element_type=\"widget\" data-widget_type=\"heading.default\">\n\t\t\t\t<div class=\"elementor-widget-container\">\n\t\t\t<h4 class=\"elementor-heading-title elementor-size-default\">Compromisso e Profissionalismo<\/h4>\t\t<\/div>\n\t\t\t\t<\/div>\n\t\t\t\t<div class=\"elementor-element elementor-element-467d5baa elementor-widget elementor-widget-text-editor\" data-id=\"467d5baa\" data-element_type=\"widget\" data-widget_type=\"text-editor.default\">\n\t\t\t\t<div class=\"elementor-widget-container\">\n\t\t\t\t\t\t\t<p class=\"p1\"><span class=\"s1\">A\u00a0<b>PRIME <\/b><\/span><span class=\"s2\"><b>DEAL<\/b><\/span><span class=\"s1\"><b>\u00a0<\/b>actua, em compromisso permanente com os interesses estrat\u00e9gicos dos seus Clientes, para optimizar resultados e objectivos a atingir.<\/span><\/p><p class=\"p1\"><span class=\"s1\">Somos uma equipa dedicada, com cultura de excel\u00eancia e elevado profissionalismo, que acaba por se traduzir em valor acrescentado para os nossos Parceiros.\u00a0<\/span><\/p>\t\t\t\t\t\t<\/div>\n\t\t\t\t<\/div>\n\t\t\t\t\t<\/div>\n\t\t<\/div>\n\t\t\t\t<div class=\"elementor-column elementor-col-33 elementor-top-column elementor-element elementor-element-379d38f2\" data-id=\"379d38f2\" data-element_type=\"column\">\n\t\t\t<div class=\"elementor-widget-wrap elementor-element-populated\">\n\t\t\t\t\t\t<div class=\"elementor-element elementor-element-2af1150d elementor-widget elementor-widget-image\" data-id=\"2af1150d\" data-element_type=\"widget\" data-widget_type=\"image.default\">\n\t\t\t\t<div class=\"elementor-widget-container\">\n\t\t\t\t\t\t\t\t\t\t\t\t\t<img loading=\"lazy\" decoding=\"async\" width=\"800\" height=\"534\" src=\"https:\/\/primedeal.pt\/wp-content\/uploads\/2024\/07\/Insure1-1024x683.jpg\" class=\"attachment-large size-large wp-image-138\" alt=\"\" srcset=\"https:\/\/primedeal.pt\/wp-content\/uploads\/2024\/07\/Insure1-1024x683.jpg 1024w, https:\/\/primedeal.pt\/wp-content\/uploads\/2024\/07\/Insure1-300x200.jpg 300w, https:\/\/primedeal.pt\/wp-content\/uploads\/2024\/07\/Insure1-768x512.jpg 768w, https:\/\/primedeal.pt\/wp-content\/uploads\/2024\/07\/Insure1-1536x1024.jpg 1536w, https:\/\/primedeal.pt\/wp-content\/uploads\/2024\/07\/Insure1.jpg 1920w\" sizes=\"(max-width: 800px) 100vw, 800px\" \/>\t\t\t\t\t\t\t\t\t\t\t\t\t<\/div>\n\t\t\t\t<\/div>\n\t\t\t\t<div class=\"elementor-element elementor-element-60ccca8c elementor-widget elementor-widget-heading\" data-id=\"60ccca8c\" data-element_type=\"widget\" data-widget_type=\"heading.default\">\n\t\t\t\t<div class=\"elementor-widget-container\">\n\t\t\t<h4 class=\"elementor-heading-title elementor-size-default\">Os valores que orientam as nossas decis\u00f5es<\/h4>\t\t<\/div>\n\t\t\t\t<\/div>\n\t\t\t\t<div class=\"elementor-element elementor-element-1b82481c elementor-widget elementor-widget-text-editor\" data-id=\"1b82481c\" data-element_type=\"widget\" data-widget_type=\"text-editor.default\">\n\t\t\t\t<div class=\"elementor-widget-container\">\n\t\t\t\t\t\t\t<p class=\"p3\"><strong><span class=\"s1\">Seriedade:\u00a0 <\/span><\/strong><span class=\"s1\">\u00c9tica, Confian\u00e7a e Integridade s\u00e3o os fundamentos base da nossa ac\u00e7\u00e3o.<\/span><\/p><p class=\"p3\"><strong><span class=\"s1\">Compet\u00eancia:\u00a0 <\/span><\/strong><span class=\"s1\">Temos consci\u00eancia de \u201cn\u00f3s\u201d e dos \u201coutros\u201d na execu\u00e7\u00e3o dos nossos servi\u00e7os.<\/span><\/p><p class=\"p3\"><span class=\"s1\"><strong>Descri\u00e7\u00e3o:<\/strong>\u00a0<\/span><span class=\"s1\">Privilegiamos uma actua\u00e7\u00e3o prudente e reservada para a concretiza\u00e7\u00e3o de resultados.<\/span><\/p><p class=\"p3\"><span class=\"s1\"><strong>Rigor: <\/strong><\/span><span class=\"s1\">Precis\u00e3o e sensibilidade na an\u00e1lise e optimiza\u00e7\u00e3o das oportunidades.<\/span><\/p><p class=\"p3\"><strong><span class=\"s1\">Ambi\u00e7\u00e3o:\u00a0<\/span><\/strong><span class=\"s1\">Condu\u00e7\u00e3o de estrat\u00e9gias suscept\u00edveis de gerar sucesso em tempo \u00fatil .<\/span><\/p>\t\t\t\t\t\t<\/div>\n\t\t\t\t<\/div>\n\t\t\t\t\t<\/div>\n\t\t<\/div>\n\t\t\t\t\t<\/div>\n\t\t<\/section>\n\t\t\t\t<\/div>","protected":false},"excerpt":{"rendered":"<p>Quem Somos PRIME DEAL\u00a0dedica-se \u00e0 promo\u00e7\u00e3o de projectos e neg\u00f3cios\u00a0 em \u00e1reas chave, que pelas suas especificidades evidenciem possuir um elevado potencial de cria\u00e7\u00e3o de valor. Temos uma voca\u00e7\u00e3o especifica para assessorar os nossos Clientes em \u00e1reas de Gest\u00e3o Empresarial que formulem solu\u00e7\u00f5es de maximiza\u00e7\u00e3o da sua actividade e organiza\u00e7\u00e3o, proporcionando novas din\u00e2micas estruturadas de [&hellip;]<\/p>","protected":false},"author":1,"featured_media":0,"parent":0,"menu_order":0,"comment_status":"closed","ping_status":"closed","template":"elementor_header_footer","meta":{"footnotes":""},"class_list":["post-201","page","type-page","status-publish","hentry"],"_links":{"self":[{"href":"https:\/\/primedeal.pt\/en\/wp-json\/wp\/v2\/pages\/201","targetHints":{"allow":["GET"]}}],"collection":[{"href":"https:\/\/primedeal.pt\/en\/wp-json\/wp\/v2\/pages"}],"about":[{"href":"https:\/\/primedeal.pt\/en\/wp-json\/wp\/v2\/types\/page"}],"author":[{"embeddable":true,"href":"https:\/\/primedeal.pt\/en\/wp-json\/wp\/v2\/users\/1"}],"replies":[{"embeddable":true,"href":"https:\/\/primedeal.pt\/en\/wp-json\/wp\/v2\/comments?post=201"}],"version-history":[{"count":10,"href":"https:\/\/primedeal.pt\/en\/wp-json\/wp\/v2\/pages\/201\/revisions"}],"predecessor-version":[{"id":298,"href":"https:\/\/primedeal.pt\/en\/wp-json\/wp\/v2\/pages\/201\/revisions\/298"}],"wp:attachment":[{"href":"https:\/\/primedeal.pt\/en\/wp-json\/wp\/v2\/media?parent=201"}],"curies":[{"name":"wp","href":"https:\/\/api.w.org\/{rel}","templated":true}]}}