{"id":248,"date":"2024-07-29T09:50:20","date_gmt":"2024-07-29T09:50:20","guid":{"rendered":"https:\/\/primedeal.pt\/?page_id=248"},"modified":"2024-08-16T11:00:59","modified_gmt":"2024-08-16T11:00:59","slug":"partners","status":"publish","type":"page","link":"https:\/\/primedeal.pt\/en\/partners\/","title":{"rendered":"Partners"},"content":{"rendered":"<div data-elementor-type=\"wp-page\" data-elementor-id=\"248\" class=\"elementor elementor-248\" data-elementor-post-type=\"page\">\n\t\t\t\t\t\t<section class=\"elementor-section elementor-top-section elementor-element elementor-element-2ed89653 elementor-section-height-min-height elementor-section-boxed elementor-section-height-default elementor-section-items-middle\" data-id=\"2ed89653\" data-element_type=\"section\" data-settings=\"{&quot;background_background&quot;:&quot;classic&quot;}\">\n\t\t\t\t\t\t\t<div class=\"elementor-background-overlay\"><\/div>\n\t\t\t\t\t\t\t<div class=\"elementor-container elementor-column-gap-default\">\n\t\t\t\t\t<div class=\"elementor-column elementor-col-100 elementor-top-column elementor-element elementor-element-1e019bfa\" data-id=\"1e019bfa\" data-element_type=\"column\">\n\t\t\t<div class=\"elementor-widget-wrap elementor-element-populated\">\n\t\t\t\t\t\t<div class=\"elementor-element elementor-element-355d6e69 elementor-widget elementor-widget-heading\" data-id=\"355d6e69\" data-element_type=\"widget\" data-widget_type=\"heading.default\">\n\t\t\t\t<div class=\"elementor-widget-container\">\n\t\t\t<h3 class=\"elementor-heading-title elementor-size-default\">Parceiros<\/h3>\t\t<\/div>\n\t\t\t\t<\/div>\n\t\t\t\t\t<\/div>\n\t\t<\/div>\n\t\t\t\t\t<\/div>\n\t\t<\/section>\n\t\t<div class=\"elementor-element elementor-element-143a8339 e-flex e-con-boxed e-con e-parent\" data-id=\"143a8339\" data-element_type=\"container\" data-settings=\"{&quot;background_background&quot;:&quot;classic&quot;}\">\n\t\t\t\t\t<div class=\"e-con-inner\">\n\t\t\t\t<div class=\"elementor-element elementor-element-7712230c elementor-widget elementor-widget-heading\" data-id=\"7712230c\" data-element_type=\"widget\" data-widget_type=\"heading.default\">\n\t\t\t\t<div class=\"elementor-widget-container\">\n\t\t\t<h2 class=\"elementor-heading-title elementor-size-default\">Os Nossos Parceiros<\/h2>\t\t<\/div>\n\t\t\t\t<\/div>\n\t\t<div class=\"elementor-element elementor-element-3dcd5416 e-con-full e-flex e-con e-child\" data-id=\"3dcd5416\" data-element_type=\"container\">\n\t\t\t\t<div class=\"elementor-element elementor-element-77313b68 elementor-widget-tablet__width-initial elementor-widget-mobile__width-inherit elementor-widget__width-initial elementor-position-top elementor-widget elementor-widget-image-box\" data-id=\"77313b68\" data-element_type=\"widget\" data-widget_type=\"image-box.default\">\n\t\t\t\t<div class=\"elementor-widget-container\">\n\t\t\t<div class=\"elementor-image-box-wrapper\"><figure class=\"elementor-image-box-img\"><img fetchpriority=\"high\" decoding=\"async\" width=\"600\" height=\"800\" src=\"https:\/\/primedeal.pt\/wp-content\/uploads\/2024\/08\/foto-pedro.jpg\" class=\"elementor-animation-grow attachment-full size-full wp-image-282\" alt=\"\" srcset=\"https:\/\/primedeal.pt\/wp-content\/uploads\/2024\/08\/foto-pedro.jpg 600w, https:\/\/primedeal.pt\/wp-content\/uploads\/2024\/08\/foto-pedro-225x300.jpg 225w\" sizes=\"(max-width: 600px) 100vw, 600px\" \/><\/figure><div class=\"elementor-image-box-content\"><h4 class=\"elementor-image-box-title\">Pedro Campos<\/h4><p class=\"elementor-image-box-description\"><b>Profissional<\/b><\/br>\n<ul><li>Estrutura\u00e7\u00e3o e Internacionaliza\u00e7\u00e3o de Ind\u00fastrias Agro-Alimentar e Curtumes \u2013 Portugal (2 anos) <\/li>\n<li>Administrador - Delegado de Grupo Angolano, com\u00a0actividades em diversos sectores\u00a0 (3 anos a residir em Luanda - Angola)<\/li>\n<li>Gest\u00e3o de Grupo Internacional nos sectores de Madeiras e Constru\u00e7\u00e3o - Portugal \/ Brasil (7 anos)<\/li>\n<li>Banca em\u00a0Corporate Banking\u00a0- Portugal (4 anos)\u2028\u2028<\/br>\u00a0<\/li><\/ul>\n\n<b>Acad\u00e9mica<\/b><\/br>\n<ul><li>Doutorando \u201cNuevas Tend\u00eancias Direcc\u00edon de Empresas\u201d Univ.\u00a0Salamanca, Espanha<\/li>\n<li>Especializa\u00e7\u00e3o \u201cCrescimento Neg\u00f3cios\u201d, Quantum Organization, Reino Unido\u2028\u2028MBA, especializa\u00e7\u00e3o em Marketing<\/li>\n<li>P\u00f3s-gradua\u00e7\u00e3o em Gest\u00e3o Empresarial\u2028\u2028Licenciado em Gest\u00e3o (FEP)<\/li><\/ul>\n<\/p><\/div><\/div>\t\t<\/div>\n\t\t\t\t<\/div>\n\t\t\t\t<div class=\"elementor-element elementor-element-1e921655 elementor-widget-tablet__width-initial elementor-widget-mobile__width-inherit elementor-widget__width-initial elementor-position-top elementor-widget elementor-widget-image-box\" data-id=\"1e921655\" data-element_type=\"widget\" data-widget_type=\"image-box.default\">\n\t\t\t\t<div class=\"elementor-widget-container\">\n\t\t\t<div class=\"elementor-image-box-wrapper\"><figure class=\"elementor-image-box-img\"><img decoding=\"async\" width=\"600\" height=\"800\" src=\"https:\/\/primedeal.pt\/wp-content\/uploads\/2024\/08\/foto-andre.jpg\" class=\"elementor-animation-grow attachment-full size-full wp-image-286\" alt=\"\" srcset=\"https:\/\/primedeal.pt\/wp-content\/uploads\/2024\/08\/foto-andre.jpg 600w, https:\/\/primedeal.pt\/wp-content\/uploads\/2024\/08\/foto-andre-225x300.jpg 225w\" sizes=\"(max-width: 600px) 100vw, 600px\" \/><\/figure><div class=\"elementor-image-box-content\"><h4 class=\"elementor-image-box-title\">Andr\u00e9 Coelho Santos<\/h4><p class=\"elementor-image-box-description\"><b>Profissional<\/b><\/br>\n<ul><li>Planeamento, gest\u00e3o, execu\u00e7\u00e3o de trabalhos t\u00e9cnicos e a emiss\u00e3o dos relat\u00f3rios de avalia\u00e7\u00e3o.<\/li>\n<li>Experi\u00eancia de mais 15 anos na \u00e1rea de investimento e imobili\u00e1rio<\/li>\n<li>Membro Efectivo da ANAI (Associa\u00e7\u00e3o Nacional de Avaliadores Imobili\u00e1rios) e devidamente inscrito como perito avaliador de im\u00f3veis activo na CMVM.<\/br><\/br>\n\n<b>Acad\u00e9mica<\/b><\/br>\n<li>Economista, licenciado pela Universidade Cat\u00f3lica de Lisboa, e com p\u00f3s-gradua\u00e7\u00e3o em Gest\u00e3o Imobili\u00e1ria pela PBS (Porto Business School)<\/li><ul><\/p><\/div><\/div>\t\t<\/div>\n\t\t\t\t<\/div>\n\t\t\t\t<\/div>\n\t\t\t\t\t<\/div>\n\t\t\t\t<\/div>\n\t\t\t\t<\/div>","protected":false},"excerpt":{"rendered":"<p>Parceiros Os Nossos Parceiros Pedro Campos Profissional Estrutura\u00e7\u00e3o e Internacionaliza\u00e7\u00e3o de Ind\u00fastrias Agro-Alimentar e Curtumes \u2013 Portugal (2 anos) Administrador &#8211; Delegado de Grupo Angolano, com\u00a0actividades em diversos sectores\u00a0 (3 anos a residir em Luanda &#8211; Angola) Gest\u00e3o de Grupo Internacional nos sectores de Madeiras e Constru\u00e7\u00e3o &#8211; Portugal \/ Brasil (7 anos) Banca em\u00a0Corporate [&hellip;]<\/p>","protected":false},"author":1,"featured_media":0,"parent":0,"menu_order":0,"comment_status":"closed","ping_status":"closed","template":"elementor_header_footer","meta":{"footnotes":""},"class_list":["post-248","page","type-page","status-publish","hentry"],"_links":{"self":[{"href":"https:\/\/primedeal.pt\/en\/wp-json\/wp\/v2\/pages\/248","targetHints":{"allow":["GET"]}}],"collection":[{"href":"https:\/\/primedeal.pt\/en\/wp-json\/wp\/v2\/pages"}],"about":[{"href":"https:\/\/primedeal.pt\/en\/wp-json\/wp\/v2\/types\/page"}],"author":[{"embeddable":true,"href":"https:\/\/primedeal.pt\/en\/wp-json\/wp\/v2\/users\/1"}],"replies":[{"embeddable":true,"href":"https:\/\/primedeal.pt\/en\/wp-json\/wp\/v2\/comments?post=248"}],"version-history":[{"count":20,"href":"https:\/\/primedeal.pt\/en\/wp-json\/wp\/v2\/pages\/248\/revisions"}],"predecessor-version":[{"id":295,"href":"https:\/\/primedeal.pt\/en\/wp-json\/wp\/v2\/pages\/248\/revisions\/295"}],"wp:attachment":[{"href":"https:\/\/primedeal.pt\/en\/wp-json\/wp\/v2\/media?parent=248"}],"curies":[{"name":"wp","href":"https:\/\/api.w.org\/{rel}","templated":true}]}}