{"id":262,"date":"2024-07-29T11:24:07","date_gmt":"2024-07-29T11:24:07","guid":{"rendered":"https:\/\/primedeal.pt\/?page_id=262"},"modified":"2024-08-01T19:00:52","modified_gmt":"2024-08-01T19:00:52","slug":"servicos","status":"publish","type":"page","link":"https:\/\/primedeal.pt\/en\/servicos\/","title":{"rendered":"Servi\u00e7os"},"content":{"rendered":"<div data-elementor-type=\"wp-page\" data-elementor-id=\"262\" class=\"elementor elementor-262\" data-elementor-post-type=\"page\">\n\t\t\t\t<div class=\"elementor-element elementor-element-628f32d1 e-flex e-con-boxed e-con e-parent\" data-id=\"628f32d1\" data-element_type=\"container\" data-settings=\"{&quot;background_background&quot;:&quot;classic&quot;}\">\n\t\t\t\t\t<div class=\"e-con-inner\">\n\t\t<div class=\"elementor-element elementor-element-4f9a37ac e-con-full e-flex e-con e-child\" data-id=\"4f9a37ac\" data-element_type=\"container\">\n\t\t\t\t<div class=\"elementor-element elementor-element-43290e26 elementor-widget elementor-widget-heading\" data-id=\"43290e26\" data-element_type=\"widget\" data-widget_type=\"heading.default\">\n\t\t\t\t<div class=\"elementor-widget-container\">\n\t\t\t<h2 class=\"elementor-heading-title elementor-size-default\">O QUE N\u00d3S FAZEMOS<\/h2>\t\t<\/div>\n\t\t\t\t<\/div>\n\t\t\t\t<div class=\"elementor-element elementor-element-406a2391 elementor-widget elementor-widget-heading\" data-id=\"406a2391\" data-element_type=\"widget\" data-widget_type=\"heading.default\">\n\t\t\t\t<div class=\"elementor-widget-container\">\n\t\t\t<h5 class=\"elementor-heading-title elementor-size-default\">N\u00f3s somos um parceiro que o ajuda na estrutura\u00e7\u00e3o e acompanhamento de gest\u00e3o em novos investimentos.<\/h5>\t\t<\/div>\n\t\t\t\t<\/div>\n\t\t<div class=\"elementor-element elementor-element-55f05d0d e-grid e-con-full e-con e-child\" data-id=\"55f05d0d\" data-element_type=\"container\">\n\t\t\t\t<div class=\"elementor-element elementor-element-4d1635ce elementor-position-top elementor-widget elementor-widget-image-box\" data-id=\"4d1635ce\" data-element_type=\"widget\" id=\"apoioagestao\" data-widget_type=\"image-box.default\">\n\t\t\t\t<div class=\"elementor-widget-container\">\n\t\t\t<div class=\"elementor-image-box-wrapper\"><figure class=\"elementor-image-box-img\"><a href=\"#\" tabindex=\"-1\"><img fetchpriority=\"high\" decoding=\"async\" width=\"512\" height=\"512\" src=\"https:\/\/primedeal.pt\/wp-content\/uploads\/2024\/07\/profit.png\" class=\"attachment-full size-full wp-image-98\" alt=\"\" srcset=\"https:\/\/primedeal.pt\/wp-content\/uploads\/2024\/07\/profit.png 512w, https:\/\/primedeal.pt\/wp-content\/uploads\/2024\/07\/profit-300x300.png 300w, https:\/\/primedeal.pt\/wp-content\/uploads\/2024\/07\/profit-150x150.png 150w\" sizes=\"(max-width: 512px) 100vw, 512px\" \/><\/a><\/figure><div class=\"elementor-image-box-content\"><h3 class=\"elementor-image-box-title\"><a href=\"#\">Apoio \u00e0 Gest\u00e3o<\/a><\/h3><p class=\"elementor-image-box-description\">Oferecemos solu\u00e7\u00f5es personalizadas para aprimorar a efici\u00eancia e a efic\u00e1cia da administra\u00e7\u00e3o do seu neg\u00f3cio.<\/p><\/div><\/div>\t\t<\/div>\n\t\t\t\t<\/div>\n\t\t\t\t<div class=\"elementor-element elementor-element-2a4aba8b elementor-position-top elementor-widget elementor-widget-image-box\" data-id=\"2a4aba8b\" data-element_type=\"widget\" id=\"avaliacaodeempresas\" data-widget_type=\"image-box.default\">\n\t\t\t\t<div class=\"elementor-widget-container\">\n\t\t\t<div class=\"elementor-image-box-wrapper\"><figure class=\"elementor-image-box-img\"><a href=\"#\" tabindex=\"-1\"><img decoding=\"async\" width=\"512\" height=\"512\" src=\"https:\/\/primedeal.pt\/wp-content\/uploads\/2024\/07\/targeting.png\" class=\"attachment-full size-full wp-image-96\" alt=\"\" srcset=\"https:\/\/primedeal.pt\/wp-content\/uploads\/2024\/07\/targeting.png 512w, https:\/\/primedeal.pt\/wp-content\/uploads\/2024\/07\/targeting-300x300.png 300w, https:\/\/primedeal.pt\/wp-content\/uploads\/2024\/07\/targeting-150x150.png 150w\" sizes=\"(max-width: 512px) 100vw, 512px\" \/><\/a><\/figure><div class=\"elementor-image-box-content\"><h3 class=\"elementor-image-box-title\"><a href=\"#\">Avalia\u00e7\u00e3o de Empresas<\/a><\/h3><p class=\"elementor-image-box-description\">Realizamos uma an\u00e1lise detalhada e criteriosa da sua empresa para determinar o seu valor de mercado. <\/p><\/div><\/div>\t\t<\/div>\n\t\t\t\t<\/div>\n\t\t\t\t<div class=\"elementor-element elementor-element-5cde24b0 elementor-position-top elementor-widget elementor-widget-image-box\" data-id=\"5cde24b0\" data-element_type=\"widget\" id=\"fusoeseaquisicoes\" data-widget_type=\"image-box.default\">\n\t\t\t\t<div class=\"elementor-widget-container\">\n\t\t\t<div class=\"elementor-image-box-wrapper\"><figure class=\"elementor-image-box-img\"><a href=\"#\" tabindex=\"-1\"><img decoding=\"async\" width=\"512\" height=\"512\" src=\"https:\/\/primedeal.pt\/wp-content\/uploads\/2024\/07\/provision.png\" class=\"attachment-full size-full wp-image-97\" alt=\"\" srcset=\"https:\/\/primedeal.pt\/wp-content\/uploads\/2024\/07\/provision.png 512w, https:\/\/primedeal.pt\/wp-content\/uploads\/2024\/07\/provision-300x300.png 300w, https:\/\/primedeal.pt\/wp-content\/uploads\/2024\/07\/provision-150x150.png 150w\" sizes=\"(max-width: 512px) 100vw, 512px\" \/><\/a><\/figure><div class=\"elementor-image-box-content\"><h3 class=\"elementor-image-box-title\"><a href=\"#\">Fus\u00f5es e Aquisi\u00e7\u00f5es<\/a><\/h3><p class=\"elementor-image-box-description\">O nosso servi\u00e7o vai desde a identifica\u00e7\u00e3o de oportunidades at\u00e9 a conclus\u00e3o bem-sucedida do neg\u00f3cio. <\/p><\/div><\/div>\t\t<\/div>\n\t\t\t\t<\/div>\n\t\t\t\t<div class=\"elementor-element elementor-element-34b08b2 elementor-position-top elementor-widget elementor-widget-image-box\" data-id=\"34b08b2\" data-element_type=\"widget\" id=\"internacionalizacao\" data-widget_type=\"image-box.default\">\n\t\t\t\t<div class=\"elementor-widget-container\">\n\t\t\t<div class=\"elementor-image-box-wrapper\"><figure class=\"elementor-image-box-img\"><a href=\"#\" tabindex=\"-1\"><img decoding=\"async\" width=\"512\" height=\"512\" src=\"https:\/\/primedeal.pt\/wp-content\/uploads\/2024\/07\/targeting.png\" class=\"attachment-full size-full wp-image-96\" alt=\"\" srcset=\"https:\/\/primedeal.pt\/wp-content\/uploads\/2024\/07\/targeting.png 512w, https:\/\/primedeal.pt\/wp-content\/uploads\/2024\/07\/targeting-300x300.png 300w, https:\/\/primedeal.pt\/wp-content\/uploads\/2024\/07\/targeting-150x150.png 150w\" sizes=\"(max-width: 512px) 100vw, 512px\" \/><\/a><\/figure><div class=\"elementor-image-box-content\"><h3 class=\"elementor-image-box-title\"><a href=\"#\">Internacionaliza\u00e7\u00e3o<\/a><\/h3><p class=\"elementor-image-box-description\">Expandir as opera\u00e7\u00f5es internacionalmente pode ser um desafio, mas estamos c\u00e1 para facilitar o processo.<\/p><\/div><\/div>\t\t<\/div>\n\t\t\t\t<\/div>\n\t\t\t\t<div class=\"elementor-element elementor-element-6d9add71 elementor-position-top elementor-widget elementor-widget-image-box\" data-id=\"6d9add71\" data-element_type=\"widget\" id=\"planoestrategico\" data-widget_type=\"image-box.default\">\n\t\t\t\t<div class=\"elementor-widget-container\">\n\t\t\t<div class=\"elementor-image-box-wrapper\"><figure class=\"elementor-image-box-img\"><a href=\"#\" tabindex=\"-1\"><img loading=\"lazy\" decoding=\"async\" width=\"512\" height=\"512\" src=\"https:\/\/primedeal.pt\/wp-content\/uploads\/2024\/07\/business-and-trade.png\" class=\"attachment-full size-full wp-image-93\" alt=\"\" srcset=\"https:\/\/primedeal.pt\/wp-content\/uploads\/2024\/07\/business-and-trade.png 512w, https:\/\/primedeal.pt\/wp-content\/uploads\/2024\/07\/business-and-trade-300x300.png 300w, https:\/\/primedeal.pt\/wp-content\/uploads\/2024\/07\/business-and-trade-150x150.png 150w\" sizes=\"(max-width: 512px) 100vw, 512px\" \/><\/a><\/figure><div class=\"elementor-image-box-content\"><h3 class=\"elementor-image-box-title\"><a href=\"#\">Plano Estrat\u00e9gico<\/a><\/h3><p class=\"elementor-image-box-description\">Trabalhamos consigo na cria\u00e7\u00e3o de um plano estrat\u00e9gico robusto e eficaz, alinhado aos objetivos e \u00e0 vis\u00e3o da sua empresa.<\/p><\/div><\/div>\t\t<\/div>\n\t\t\t\t<\/div>\n\t\t\t\t<div class=\"elementor-element elementor-element-29453046 elementor-position-top elementor-widget elementor-widget-image-box\" data-id=\"29453046\" data-element_type=\"widget\" id=\"operacoesimobiliarias\" data-widget_type=\"image-box.default\">\n\t\t\t\t<div class=\"elementor-widget-container\">\n\t\t\t<div class=\"elementor-image-box-wrapper\"><figure class=\"elementor-image-box-img\"><a href=\"#\" tabindex=\"-1\"><img decoding=\"async\" width=\"512\" height=\"512\" src=\"https:\/\/primedeal.pt\/wp-content\/uploads\/2024\/07\/targeting.png\" class=\"attachment-full size-full wp-image-96\" alt=\"\" srcset=\"https:\/\/primedeal.pt\/wp-content\/uploads\/2024\/07\/targeting.png 512w, https:\/\/primedeal.pt\/wp-content\/uploads\/2024\/07\/targeting-300x300.png 300w, https:\/\/primedeal.pt\/wp-content\/uploads\/2024\/07\/targeting-150x150.png 150w\" sizes=\"(max-width: 512px) 100vw, 512px\" \/><\/a><\/figure><div class=\"elementor-image-box-content\"><h3 class=\"elementor-image-box-title\"><a href=\"#\">Opera\u00e7\u00f5es Imobili\u00e1rias<\/a><\/h3><p class=\"elementor-image-box-description\">Oferecemos servi\u00e7os de estrutura\u00e7\u00e3o de opera\u00e7\u00f5es imobili\u00e1rias que v\u00e3o desde a an\u00e1lise de viabilidade at\u00e9 a gest\u00e3o de projetos. <\/p><\/div><\/div>\t\t<\/div>\n\t\t\t\t<\/div>\n\t\t\t\t<\/div>\n\t\t\t\t<\/div>\n\t\t\t\t\t<\/div>\n\t\t\t\t<\/div>\n\t\t\t\t<\/div>","protected":false},"excerpt":{"rendered":"<p>O QUE N\u00d3S FAZEMOS N\u00f3s somos um parceiro que o ajuda na estrutura\u00e7\u00e3o e acompanhamento de gest\u00e3o em novos investimentos. Apoio \u00e0 Gest\u00e3o Oferecemos solu\u00e7\u00f5es personalizadas para aprimorar a efici\u00eancia e a efic\u00e1cia da administra\u00e7\u00e3o do seu neg\u00f3cio. Avalia\u00e7\u00e3o de Empresas Realizamos uma an\u00e1lise detalhada e criteriosa da sua empresa para determinar o seu valor [&hellip;]<\/p>","protected":false},"author":1,"featured_media":0,"parent":0,"menu_order":0,"comment_status":"closed","ping_status":"closed","template":"elementor_header_footer","meta":{"footnotes":""},"class_list":["post-262","page","type-page","status-publish","hentry"],"_links":{"self":[{"href":"https:\/\/primedeal.pt\/en\/wp-json\/wp\/v2\/pages\/262","targetHints":{"allow":["GET"]}}],"collection":[{"href":"https:\/\/primedeal.pt\/en\/wp-json\/wp\/v2\/pages"}],"about":[{"href":"https:\/\/primedeal.pt\/en\/wp-json\/wp\/v2\/types\/page"}],"author":[{"embeddable":true,"href":"https:\/\/primedeal.pt\/en\/wp-json\/wp\/v2\/users\/1"}],"replies":[{"embeddable":true,"href":"https:\/\/primedeal.pt\/en\/wp-json\/wp\/v2\/comments?post=262"}],"version-history":[{"count":7,"href":"https:\/\/primedeal.pt\/en\/wp-json\/wp\/v2\/pages\/262\/revisions"}],"predecessor-version":[{"id":276,"href":"https:\/\/primedeal.pt\/en\/wp-json\/wp\/v2\/pages\/262\/revisions\/276"}],"wp:attachment":[{"href":"https:\/\/primedeal.pt\/en\/wp-json\/wp\/v2\/media?parent=262"}],"curies":[{"name":"wp","href":"https:\/\/api.w.org\/{rel}","templated":true}]}}