{"id":29,"date":"2024-07-26T13:27:30","date_gmt":"2024-07-26T13:27:30","guid":{"rendered":"https:\/\/primedeal.pt\/?page_id=29"},"modified":"2024-07-29T12:44:10","modified_gmt":"2024-07-29T12:44:10","slug":"inicio","status":"publish","type":"page","link":"https:\/\/primedeal.pt\/en\/","title":{"rendered":"In\u00edcio"},"content":{"rendered":"<div data-elementor-type=\"wp-page\" data-elementor-id=\"29\" class=\"elementor elementor-29\" data-elementor-post-type=\"page\">\n\t\t\t\t<div class=\"elementor-element elementor-element-3f369756 e-con-full e-grid e-con e-parent\" data-id=\"3f369756\" data-element_type=\"container\" data-settings=\"{&quot;background_background&quot;:&quot;classic&quot;}\">\n\t\t\t\t<div class=\"elementor-element elementor-element-17da5843 elementor-widget elementor-widget-heading\" data-id=\"17da5843\" data-element_type=\"widget\" data-widget_type=\"heading.default\">\n\t\t\t\t<div class=\"elementor-widget-container\">\n\t\t\t<h1 class=\"elementor-heading-title elementor-size-default\">AUMENTE O SEU VOLUME DE NEG\u00d3CIOS<\/h1>\t\t<\/div>\n\t\t\t\t<\/div>\n\t\t\t\t<div class=\"elementor-element elementor-element-8c8a02d elementor-widget elementor-widget-heading\" data-id=\"8c8a02d\" data-element_type=\"widget\" data-widget_type=\"heading.default\">\n\t\t\t\t<div class=\"elementor-widget-container\">\n\t\t\t<h1 class=\"elementor-heading-title elementor-size-default\">A PRIME DEAL potencializa o valor do seu projeto.<\/br>\nSomos uma empresa de consultoria com mais<\/br>\nde 20 anos de experi\u00eancia.<\/h1>\t\t<\/div>\n\t\t\t\t<\/div>\n\t\t\t\t<\/div>\n\t\t<div class=\"elementor-element elementor-element-62ffdf2c e-flex e-con-boxed e-con e-parent\" data-id=\"62ffdf2c\" data-element_type=\"container\" data-settings=\"{&quot;background_background&quot;:&quot;classic&quot;}\">\n\t\t\t\t\t<div class=\"e-con-inner\">\n\t\t<div class=\"elementor-element elementor-element-34695d2d e-con-full e-flex e-con e-child\" data-id=\"34695d2d\" data-element_type=\"container\">\n\t\t\t\t<div class=\"elementor-element elementor-element-5f3f2033 elementor-widget elementor-widget-heading\" data-id=\"5f3f2033\" data-element_type=\"widget\" data-widget_type=\"heading.default\">\n\t\t\t\t<div class=\"elementor-widget-container\">\n\t\t\t<h2 class=\"elementor-heading-title elementor-size-default\">O QUE N\u00d3S FAZEMOS<\/h2>\t\t<\/div>\n\t\t\t\t<\/div>\n\t\t\t\t<div class=\"elementor-element elementor-element-14a3b428 elementor-widget elementor-widget-heading\" data-id=\"14a3b428\" data-element_type=\"widget\" data-widget_type=\"heading.default\">\n\t\t\t\t<div class=\"elementor-widget-container\">\n\t\t\t<h5 class=\"elementor-heading-title elementor-size-default\">N\u00f3s somos um parceiro que o ajuda na estrutura\u00e7\u00e3o e acompanhamento de gest\u00e3o em novos investimentos.<\/h5>\t\t<\/div>\n\t\t\t\t<\/div>\n\t\t<div class=\"elementor-element elementor-element-90764dd e-grid e-con-full e-con e-child\" data-id=\"90764dd\" data-element_type=\"container\">\n\t\t\t\t<div class=\"elementor-element elementor-element-ee87926 elementor-position-top elementor-widget elementor-widget-image-box\" data-id=\"ee87926\" data-element_type=\"widget\" data-widget_type=\"image-box.default\">\n\t\t\t\t<div class=\"elementor-widget-container\">\n\t\t\t<div class=\"elementor-image-box-wrapper\"><figure class=\"elementor-image-box-img\"><a href=\"#\" tabindex=\"-1\"><img fetchpriority=\"high\" decoding=\"async\" width=\"512\" height=\"512\" src=\"https:\/\/primedeal.pt\/wp-content\/uploads\/2024\/07\/profit.png\" class=\"attachment-full size-full wp-image-98\" alt=\"\" srcset=\"https:\/\/primedeal.pt\/wp-content\/uploads\/2024\/07\/profit.png 512w, https:\/\/primedeal.pt\/wp-content\/uploads\/2024\/07\/profit-300x300.png 300w, https:\/\/primedeal.pt\/wp-content\/uploads\/2024\/07\/profit-150x150.png 150w\" sizes=\"(max-width: 512px) 100vw, 512px\" \/><\/a><\/figure><div class=\"elementor-image-box-content\"><h3 class=\"elementor-image-box-title\"><a href=\"#\">Apoio \u00e0 Gest\u00e3o<\/a><\/h3><p class=\"elementor-image-box-description\">Oferecemos solu\u00e7\u00f5es personalizadas para aprimorar a efici\u00eancia e a efic\u00e1cia da administra\u00e7\u00e3o do seu neg\u00f3cio.<\/p><\/div><\/div>\t\t<\/div>\n\t\t\t\t<\/div>\n\t\t\t\t<div class=\"elementor-element elementor-element-acad290 elementor-position-top elementor-widget elementor-widget-image-box\" data-id=\"acad290\" data-element_type=\"widget\" data-widget_type=\"image-box.default\">\n\t\t\t\t<div class=\"elementor-widget-container\">\n\t\t\t<div class=\"elementor-image-box-wrapper\"><figure class=\"elementor-image-box-img\"><a href=\"#\" tabindex=\"-1\"><img decoding=\"async\" width=\"512\" height=\"512\" src=\"https:\/\/primedeal.pt\/wp-content\/uploads\/2024\/07\/targeting.png\" class=\"attachment-full size-full wp-image-96\" alt=\"\" srcset=\"https:\/\/primedeal.pt\/wp-content\/uploads\/2024\/07\/targeting.png 512w, https:\/\/primedeal.pt\/wp-content\/uploads\/2024\/07\/targeting-300x300.png 300w, https:\/\/primedeal.pt\/wp-content\/uploads\/2024\/07\/targeting-150x150.png 150w\" sizes=\"(max-width: 512px) 100vw, 512px\" \/><\/a><\/figure><div class=\"elementor-image-box-content\"><h3 class=\"elementor-image-box-title\"><a href=\"#\">Avalia\u00e7\u00e3o de Empresas<\/a><\/h3><p class=\"elementor-image-box-description\">Realizamos uma an\u00e1lise detalhada e criteriosa da sua empresa para determinar o seu valor de mercado. <\/p><\/div><\/div>\t\t<\/div>\n\t\t\t\t<\/div>\n\t\t\t\t<div class=\"elementor-element elementor-element-5f8283f elementor-position-top elementor-widget elementor-widget-image-box\" data-id=\"5f8283f\" data-element_type=\"widget\" data-widget_type=\"image-box.default\">\n\t\t\t\t<div class=\"elementor-widget-container\">\n\t\t\t<div class=\"elementor-image-box-wrapper\"><figure class=\"elementor-image-box-img\"><a href=\"#\" tabindex=\"-1\"><img decoding=\"async\" width=\"512\" height=\"512\" src=\"https:\/\/primedeal.pt\/wp-content\/uploads\/2024\/07\/provision.png\" class=\"attachment-full size-full wp-image-97\" alt=\"\" srcset=\"https:\/\/primedeal.pt\/wp-content\/uploads\/2024\/07\/provision.png 512w, https:\/\/primedeal.pt\/wp-content\/uploads\/2024\/07\/provision-300x300.png 300w, https:\/\/primedeal.pt\/wp-content\/uploads\/2024\/07\/provision-150x150.png 150w\" sizes=\"(max-width: 512px) 100vw, 512px\" \/><\/a><\/figure><div class=\"elementor-image-box-content\"><h3 class=\"elementor-image-box-title\"><a href=\"#\">Fus\u00f5es e Aquisi\u00e7\u00f5es<\/a><\/h3><p class=\"elementor-image-box-description\">O nosso servi\u00e7o vai desde a identifica\u00e7\u00e3o de oportunidades at\u00e9 a conclus\u00e3o bem-sucedida do neg\u00f3cio. <\/p><\/div><\/div>\t\t<\/div>\n\t\t\t\t<\/div>\n\t\t\t\t<div class=\"elementor-element elementor-element-7f8a0ff elementor-position-top elementor-widget elementor-widget-image-box\" data-id=\"7f8a0ff\" data-element_type=\"widget\" data-widget_type=\"image-box.default\">\n\t\t\t\t<div class=\"elementor-widget-container\">\n\t\t\t<div class=\"elementor-image-box-wrapper\"><figure class=\"elementor-image-box-img\"><a href=\"#\" tabindex=\"-1\"><img decoding=\"async\" width=\"512\" height=\"512\" src=\"https:\/\/primedeal.pt\/wp-content\/uploads\/2024\/07\/targeting.png\" class=\"attachment-full size-full wp-image-96\" alt=\"\" srcset=\"https:\/\/primedeal.pt\/wp-content\/uploads\/2024\/07\/targeting.png 512w, https:\/\/primedeal.pt\/wp-content\/uploads\/2024\/07\/targeting-300x300.png 300w, https:\/\/primedeal.pt\/wp-content\/uploads\/2024\/07\/targeting-150x150.png 150w\" sizes=\"(max-width: 512px) 100vw, 512px\" \/><\/a><\/figure><div class=\"elementor-image-box-content\"><h3 class=\"elementor-image-box-title\"><a href=\"#\">Internacionaliza\u00e7\u00e3o<\/a><\/h3><p class=\"elementor-image-box-description\">Expandir as opera\u00e7\u00f5es internacionalmente pode ser um desafio, mas estamos c\u00e1 para facilitar o processo.<\/p><\/div><\/div>\t\t<\/div>\n\t\t\t\t<\/div>\n\t\t\t\t<div class=\"elementor-element elementor-element-2862485 elementor-position-top elementor-widget elementor-widget-image-box\" data-id=\"2862485\" data-element_type=\"widget\" data-widget_type=\"image-box.default\">\n\t\t\t\t<div class=\"elementor-widget-container\">\n\t\t\t<div class=\"elementor-image-box-wrapper\"><figure class=\"elementor-image-box-img\"><a href=\"#\" tabindex=\"-1\"><img loading=\"lazy\" decoding=\"async\" width=\"512\" height=\"512\" src=\"https:\/\/primedeal.pt\/wp-content\/uploads\/2024\/07\/business-and-trade.png\" class=\"attachment-full size-full wp-image-93\" alt=\"\" srcset=\"https:\/\/primedeal.pt\/wp-content\/uploads\/2024\/07\/business-and-trade.png 512w, https:\/\/primedeal.pt\/wp-content\/uploads\/2024\/07\/business-and-trade-300x300.png 300w, https:\/\/primedeal.pt\/wp-content\/uploads\/2024\/07\/business-and-trade-150x150.png 150w\" sizes=\"(max-width: 512px) 100vw, 512px\" \/><\/a><\/figure><div class=\"elementor-image-box-content\"><h3 class=\"elementor-image-box-title\"><a href=\"#\">Plano Estrat\u00e9gico<\/a><\/h3><p class=\"elementor-image-box-description\">Trabalhamos consigo na cria\u00e7\u00e3o de um plano estrat\u00e9gico robusto e eficaz, alinhado aos objetivos e \u00e0 vis\u00e3o da sua empresa.<\/p><\/div><\/div>\t\t<\/div>\n\t\t\t\t<\/div>\n\t\t\t\t<div class=\"elementor-element elementor-element-78c8250 elementor-position-top elementor-widget elementor-widget-image-box\" data-id=\"78c8250\" data-element_type=\"widget\" data-widget_type=\"image-box.default\">\n\t\t\t\t<div class=\"elementor-widget-container\">\n\t\t\t<div class=\"elementor-image-box-wrapper\"><figure class=\"elementor-image-box-img\"><a href=\"#\" tabindex=\"-1\"><img decoding=\"async\" width=\"512\" height=\"512\" src=\"https:\/\/primedeal.pt\/wp-content\/uploads\/2024\/07\/targeting.png\" class=\"attachment-full size-full wp-image-96\" alt=\"\" srcset=\"https:\/\/primedeal.pt\/wp-content\/uploads\/2024\/07\/targeting.png 512w, https:\/\/primedeal.pt\/wp-content\/uploads\/2024\/07\/targeting-300x300.png 300w, https:\/\/primedeal.pt\/wp-content\/uploads\/2024\/07\/targeting-150x150.png 150w\" sizes=\"(max-width: 512px) 100vw, 512px\" \/><\/a><\/figure><div class=\"elementor-image-box-content\"><h3 class=\"elementor-image-box-title\"><a href=\"#\">Opera\u00e7\u00f5es Imobili\u00e1rias<\/a><\/h3><p class=\"elementor-image-box-description\">Oferecemos servi\u00e7os de estrutura\u00e7\u00e3o de opera\u00e7\u00f5es imobili\u00e1rias que v\u00e3o desde a an\u00e1lise de viabilidade at\u00e9 a gest\u00e3o de projetos. <\/p><\/div><\/div>\t\t<\/div>\n\t\t\t\t<\/div>\n\t\t\t\t<\/div>\n\t\t\t\t<\/div>\n\t\t\t\t\t<\/div>\n\t\t\t\t<\/div>\n\t\t<div class=\"elementor-element elementor-element-24e10bb5 e-con-full e-flex e-con e-parent\" data-id=\"24e10bb5\" data-element_type=\"container\" data-settings=\"{&quot;background_background&quot;:&quot;classic&quot;}\">\n\t\t<div class=\"elementor-element elementor-element-216a8d57 e-con-full e-flex e-con e-child\" data-id=\"216a8d57\" data-element_type=\"container\">\n\t\t\t\t<div class=\"elementor-element elementor-element-d773488 elementor-widget elementor-widget-heading\" data-id=\"d773488\" data-element_type=\"widget\" data-widget_type=\"heading.default\">\n\t\t\t\t<div class=\"elementor-widget-container\">\n\t\t\t<h2 class=\"elementor-heading-title elementor-size-default\">GLOBALIZA\u00c7\u00c3O E CRESCIMENTO<\/h2>\t\t<\/div>\n\t\t\t\t<\/div>\n\t\t\t\t<div class=\"elementor-element elementor-element-46205b2b elementor-widget elementor-widget-heading\" data-id=\"46205b2b\" data-element_type=\"widget\" data-widget_type=\"heading.default\">\n\t\t\t\t<div class=\"elementor-widget-container\">\n\t\t\t<h1 class=\"elementor-heading-title elementor-size-default\">Os mercados est\u00e3o cada vez mais Globais<\/h1>\t\t<\/div>\n\t\t\t\t<\/div>\n\t\t\t\t<div class=\"elementor-element elementor-element-4e2699e1 elementor-widget elementor-widget-text-editor\" data-id=\"4e2699e1\" data-element_type=\"widget\" data-widget_type=\"text-editor.default\">\n\t\t\t\t<div class=\"elementor-widget-container\">\n\t\t\t\t\t\t\tA tomada correcta de decis\u00f5es deve ser sustentada em informa\u00e7\u00e3o correcta, precisa e oportuna. Crescer e Consolidar, em mercados alargados e altamente competitivos, deve ser acompanhado por uma rede de networking forte e especializada.\t\t\t\t\t\t<\/div>\n\t\t\t\t<\/div>\n\t\t\t\t<div class=\"elementor-element elementor-element-1b3f2630 elementor-mobile-align-center elementor-widget elementor-widget-button\" data-id=\"1b3f2630\" data-element_type=\"widget\" data-widget_type=\"button.default\">\n\t\t\t\t<div class=\"elementor-widget-container\">\n\t\t\t\t\t\t\t<div class=\"elementor-button-wrapper\">\n\t\t\t\t\t<a class=\"elementor-button elementor-button-link elementor-size-sm\" href=\"https:\/\/primedeal.pt\/en\/quem-somos\/\">\n\t\t\t\t\t\t<span class=\"elementor-button-content-wrapper\">\n\t\t\t\t\t\t\t\t\t<span class=\"elementor-button-text\">QUEM SOMOS<\/span>\n\t\t\t\t\t<\/span>\n\t\t\t\t\t<\/a>\n\t\t\t\t<\/div>\n\t\t\t\t\t\t<\/div>\n\t\t\t\t<\/div>\n\t\t\t\t<\/div>\n\t\t<div class=\"elementor-element elementor-element-af85ef3 e-con-full e-flex e-con e-child\" data-id=\"af85ef3\" data-element_type=\"container\">\n\t\t\t\t<div class=\"elementor-element elementor-element-6c26bba8 elementor-widget elementor-widget-image\" data-id=\"6c26bba8\" data-element_type=\"widget\" data-widget_type=\"image.default\">\n\t\t\t\t<div class=\"elementor-widget-container\">\n\t\t\t\t\t\t\t\t\t\t\t\t\t<img loading=\"lazy\" decoding=\"async\" width=\"1027\" height=\"835\" src=\"https:\/\/primedeal.pt\/wp-content\/uploads\/2024\/07\/mercado-competitivo.jpg\" class=\"attachment-full size-full wp-image-114\" alt=\"\" srcset=\"https:\/\/primedeal.pt\/wp-content\/uploads\/2024\/07\/mercado-competitivo.jpg 1027w, https:\/\/primedeal.pt\/wp-content\/uploads\/2024\/07\/mercado-competitivo-300x244.jpg 300w, https:\/\/primedeal.pt\/wp-content\/uploads\/2024\/07\/mercado-competitivo-1024x833.jpg 1024w, https:\/\/primedeal.pt\/wp-content\/uploads\/2024\/07\/mercado-competitivo-768x624.jpg 768w\" sizes=\"(max-width: 1027px) 100vw, 1027px\" \/>\t\t\t\t\t\t\t\t\t\t\t\t\t<\/div>\n\t\t\t\t<\/div>\n\t\t\t\t<\/div>\n\t\t\t\t<\/div>\n\t\t<div class=\"elementor-element elementor-element-4adc556c e-con-full e-flex e-con e-parent\" data-id=\"4adc556c\" data-element_type=\"container\" data-settings=\"{&quot;background_background&quot;:&quot;classic&quot;}\">\n\t\t\t\t<div class=\"elementor-element elementor-element-9614c58 elementor-widget elementor-widget-heading\" data-id=\"9614c58\" data-element_type=\"widget\" data-widget_type=\"heading.default\">\n\t\t\t\t<div class=\"elementor-widget-container\">\n\t\t\t<h2 class=\"elementor-heading-title elementor-size-default\">Consultores s\u00e9niores, flex\u00edveis e experts<\/br>\nem fazer o seu neg\u00f3cio expandir a n\u00edvel global<\/h2>\t\t<\/div>\n\t\t\t\t<\/div>\n\t\t\t\t<div class=\"elementor-element elementor-element-f5ff4af elementor-mobile-align-center elementor-align-center elementor-widget elementor-widget-button\" data-id=\"f5ff4af\" data-element_type=\"widget\" data-widget_type=\"button.default\">\n\t\t\t\t<div class=\"elementor-widget-container\">\n\t\t\t\t\t\t\t<div class=\"elementor-button-wrapper\">\n\t\t\t\t\t<a class=\"elementor-button elementor-button-link elementor-size-sm\" href=\"https:\/\/primedeal.pt\/en\/contacto\/\">\n\t\t\t\t\t\t<span class=\"elementor-button-content-wrapper\">\n\t\t\t\t\t\t\t\t\t<span class=\"elementor-button-text\">ENTRE EM CONTACTO<\/span>\n\t\t\t\t\t<\/span>\n\t\t\t\t\t<\/a>\n\t\t\t\t<\/div>\n\t\t\t\t\t\t<\/div>\n\t\t\t\t<\/div>\n\t\t\t\t<\/div>\n\t\t\t\t<\/div>","protected":false},"excerpt":{"rendered":"<p>AUMENTE O SEU VOLUME DE NEG\u00d3CIOS A PRIME DEAL potencializa o valor do seu projeto. Somos uma empresa de consultoria com mais de 20 anos de experi\u00eancia. O QUE N\u00d3S FAZEMOS N\u00f3s somos um parceiro que o ajuda na estrutura\u00e7\u00e3o e acompanhamento de gest\u00e3o em novos investimentos. Apoio \u00e0 Gest\u00e3o Oferecemos solu\u00e7\u00f5es personalizadas para aprimorar [&hellip;]<\/p>","protected":false},"author":1,"featured_media":0,"parent":0,"menu_order":0,"comment_status":"closed","ping_status":"closed","template":"elementor_header_footer","meta":{"footnotes":""},"class_list":["post-29","page","type-page","status-publish","hentry"],"_links":{"self":[{"href":"https:\/\/primedeal.pt\/en\/wp-json\/wp\/v2\/pages\/29","targetHints":{"allow":["GET"]}}],"collection":[{"href":"https:\/\/primedeal.pt\/en\/wp-json\/wp\/v2\/pages"}],"about":[{"href":"https:\/\/primedeal.pt\/en\/wp-json\/wp\/v2\/types\/page"}],"author":[{"embeddable":true,"href":"https:\/\/primedeal.pt\/en\/wp-json\/wp\/v2\/users\/1"}],"replies":[{"embeddable":true,"href":"https:\/\/primedeal.pt\/en\/wp-json\/wp\/v2\/comments?post=29"}],"version-history":[{"count":58,"href":"https:\/\/primedeal.pt\/en\/wp-json\/wp\/v2\/pages\/29\/revisions"}],"predecessor-version":[{"id":271,"href":"https:\/\/primedeal.pt\/en\/wp-json\/wp\/v2\/pages\/29\/revisions\/271"}],"wp:attachment":[{"href":"https:\/\/primedeal.pt\/en\/wp-json\/wp\/v2\/media?parent=29"}],"curies":[{"name":"wp","href":"https:\/\/api.w.org\/{rel}","templated":true}]}}